{"id":381,"date":"2021-07-30T00:27:56","date_gmt":"2021-07-29T22:27:56","guid":{"rendered":"https:\/\/www.vetbar.sk\/admin2021\/?page_id=381"},"modified":"2025-05-17T15:23:45","modified_gmt":"2025-05-17T13:23:45","slug":"pizza-salaty","status":"publish","type":"page","link":"https:\/\/www.vetbar.sk\/admin2021\/?page_id=381","title":{"rendered":"Pizza \/ \u0160al\u00e1ty"},"content":{"rendered":"\n<p id=\"posun\"><strong>Pizza &nbsp; &nbsp; &nbsp; &nbsp; &nbsp; &nbsp; &nbsp; &nbsp; &nbsp; &nbsp;<\/strong><br><\/p>\n\n\n\n<figure class=\"wp-block-table\"><table><tbody><tr><td>&nbsp;<\/td><td>Druh<\/td><td><strong>\u00d832 \/ \u00d840<\/strong><strong><\/strong><\/td><\/tr><tr><td>1.<\/td><td><strong>MARGHERITA<\/strong>&nbsp; 450g.\/890g.<\/td><td><strong>&nbsp;<\/strong><\/td><\/tr><tr><td>&nbsp;<\/td><td>(pomodoro, syr)<\/td><td><strong><strong>6,90eur\/<strong>12,50eur<\/strong><\/strong><\/strong><\/td><\/tr><tr><td>2.<\/td><td><strong>\u0160AMPI\u0147\u00d3NOV\u00c1&nbsp;&nbsp;<\/strong>5<a><\/a>50g.\/890g.<\/td><td><strong>&nbsp;<\/strong><\/td><\/tr><tr><td>&nbsp;<\/td><td>(pomodoro, syr, \u0161ampi\u0148\u00f3ny)<\/td><td><strong>7,20eur\/<strong>12,50eur<\/strong><\/strong><\/td><\/tr><tr><td>3.<\/td><td><strong>\u0160UNKOV\u00c1<\/strong>&nbsp;500g.\/890g.<\/td><td><strong>&nbsp;<\/strong><\/td><\/tr><tr><td>&nbsp;<\/td><td>(pomodoro, syr, \u0161unka)<\/td><td><strong>7,20eur\/<strong><strong><strong>12,50eur<\/strong><\/strong><\/strong><\/strong><\/td><\/tr><tr><td>4.<\/td><td><strong>CAPRI<\/strong>&nbsp;600g.\/1160g.<\/td><td><strong><img decoding=\"async\" src=\"blob:https:\/\/www.vetbar.sk\/2c0d1b2b-5519-4578-801d-d21c1d1b1f30\" alt=\"\"><\/strong><\/td><\/tr><tr><td>&nbsp;<\/td><td>(pomodoro, syr, \u0161unka, \u0161ampi\u0148\u00f3ny, kukurica)<\/td><td><strong>7,50eur\/<strong><strong><strong>12,50eur<\/strong><\/strong><\/strong><\/strong><\/td><\/tr><tr><td>5.<\/td><td><strong>SAL\u00c1MOV\u00c1&nbsp;&nbsp;<\/strong>500g.\/890g.<\/td><td><strong>&nbsp;<\/strong><\/td><\/tr><tr><td>&nbsp;<\/td><td>(pomodoro, syr, sal\u00e1ma)<\/td><td><strong>7,20eur\/<strong><strong><strong>12,50eur<\/strong><\/strong><\/strong><\/strong><\/td><\/tr><tr><td>6.<\/td><td><strong>OLIVOV\u00c1<\/strong>&nbsp; 550g.\/1050g.<\/td><td><strong>&nbsp;<\/strong><\/td><\/tr><tr><td>&nbsp;<\/td><td>(pomodoro, syr, \u0161unka, olivy)<\/td><td><strong>7,20eur\/<strong><strong><strong>10,50eur<\/strong><\/strong><\/strong><\/strong><\/td><\/tr><tr><td>7.<\/td><td><strong>SEDLIACKA&nbsp;&nbsp;<\/strong>600g.\/1050g.<\/td><td><strong>&nbsp;<\/strong><\/td><\/tr><tr><td>&nbsp;<\/td><td>(pomodoro, syr, klob\u00e1sa, vajce, slanina)<\/td><td><strong>8,20eur\/<strong><strong><strong>12,50eur<\/strong><\/strong><\/strong><\/strong><\/td><\/tr><tr><td>8.<\/td><td><strong>KURACIA<\/strong>&nbsp; 500g\/1150g.<\/td><td><strong>&nbsp;<\/strong><\/td><\/tr><tr><td>&nbsp;<\/td><td>(pomodoro, syr, kuracie m\u00e4so)<\/td><td><strong>8,20eur\/<strong><strong><strong>12,50eur<\/strong><\/strong><\/strong><\/strong><\/td><\/tr><tr><td>9.<\/td><td><strong>QUATTRO FORMAGGI<\/strong>&nbsp; 600g.\/970g.<\/td><td><strong>&nbsp;<\/strong><\/td><\/tr><tr><td>&nbsp;<\/td><td>(pomodoro, 4 druhy syra)<\/td><td><strong> <strong>8,20eur\/<strong><strong><strong>12,50eur<\/strong><\/strong><\/strong><\/strong> <\/strong><\/td><\/tr><tr><td>10.<\/td><td><strong>QUATTRO STAGGIONE<\/strong>&nbsp; 650g.\/1010g.<\/td><td><strong>&nbsp;<\/strong><\/td><\/tr><tr><td>&nbsp;<\/td><td>(pomodoro, syr, \u0161unka, \u0161ampi\u0148\u00f3ny, kukurica, brokolica)<\/td><td><strong> <strong>7,50eur\/<strong><strong><strong>12,50eur<\/strong><\/strong><\/strong><\/strong><\/strong><\/td><\/tr><tr><td>11.<\/td><td><strong>BROKOLICOV\u00c1<\/strong>&nbsp; 550g.\/970g.<\/td><td><strong>&nbsp;<\/strong><\/td><\/tr><tr><td>&nbsp;<\/td><td>(pomodoro, syr, \u0161unka, brokolica)<\/td><td><strong> <strong><strong>7,50eur\/<strong><strong><strong>12,50eur<\/strong><\/strong><\/strong><\/strong><\/strong> <\/strong><\/td><\/tr><tr><td>12.<\/td><td><strong>HAWAI<\/strong>&nbsp; 550g.\/1040g.<\/td><td><strong>&nbsp;<\/strong><\/td><\/tr><tr><td>&nbsp;<\/td><td>(pomodoro, syr, \u0161unka, anan\u00e1s)<\/td><td><strong> <strong><strong>7,50eur\/<strong><strong><strong>12,50eur<\/strong><\/strong><\/strong><\/strong> <\/strong> <\/strong><\/td><\/tr><tr><td>13.<\/td><td><strong>GAZDOVSK\u00c1<\/strong>&nbsp; 700g.\/1010g.<\/td><td><strong>&nbsp;<\/strong><\/td><\/tr><tr><td>&nbsp;<\/td><td>(pomodoro, syr, sal\u00e1ma, slanina, klob\u00e1sa, cibu\u013ea, baranie rohy)<\/td><td><strong> <strong><strong>8,20eur\/<strong><strong><strong>12,50eur<\/strong><\/strong><\/strong><\/strong><\/strong> <\/strong><\/td><\/tr><tr><td>14.<\/td><td><strong>VEGETARI\u00c1NSKA&nbsp;&nbsp;<\/strong>550g.\/1290g.<\/td><td><strong>&nbsp;<\/strong><\/td><\/tr><tr><td>&nbsp;<\/td><td>(pomodoro, syr, paradajka, paprika, brokolica)<\/td><td><strong> <strong><strong>8,20eur\/<strong><strong><strong>12,50eur<\/strong><\/strong><\/strong><\/strong><\/strong> <\/strong><\/td><\/tr><tr><td>15.<\/td><td><strong>TUNIAKOV\u00c1<\/strong>&nbsp; 550g.\/1090g.<\/td><td><strong>&nbsp;<\/strong><\/td><\/tr><tr><td>&nbsp;<\/td><td>(pomodoro, syr, tuniak, cibu\u013ea)<\/td><td><strong> <strong><strong>7,50eur\/<strong><strong><strong>12,50eur<\/strong><\/strong><\/strong><\/strong> <\/strong> <\/strong><\/td><\/tr><tr><td>16.<\/td><td><strong>MEXICK\u00c1<\/strong>&nbsp; 600g.\/890g.<\/td><td><strong>&nbsp;<\/strong><\/td><\/tr><tr><td>&nbsp;<\/td><td>(pomodoro, syr, fefer\u00f3ny, sal\u00e1ma, kukurica)<\/td><td><strong> <strong><strong>7,50eur\/<strong><strong><strong>12,50eur<\/strong><\/strong><\/strong><\/strong> <\/strong> <\/strong><\/td><\/tr><tr><td>17.<\/td><td><strong>\u010cERTOVSK\u00c1&nbsp;&nbsp;<\/strong>570g.\/1010g.<\/td><td><strong>&nbsp;<\/strong><\/td><\/tr><tr><td>&nbsp;<\/td><td>(pomodoro, syr, m\u00e4sov\u00e1 pikantn\u00e1 zmes, cibu\u013ea)<\/td><td><strong> <strong><strong>7,50eur\/<strong><strong><strong>12,50eur<\/strong><\/strong><\/strong><\/strong> <\/strong> <\/strong><\/td><\/tr><tr><td>18.<\/td><td><strong>QUASIMODO<\/strong>&nbsp; 750g.\/1260g.<\/td><td><strong>&nbsp;<\/strong><\/td><\/tr><tr><td>&nbsp;<\/td><td>(pomodoro, syr, sal\u00e1ma, paradajka ,klob\u00e1sa, fefer\u00f3ny, \u0161ampi\u0148\u00f3ny, niva)<\/td><td><strong> <strong><strong>8,20eur\/<strong><strong><strong>12,50eur<\/strong><\/strong><\/strong><\/strong><\/strong> <\/strong><\/td><\/tr><tr><td>19.<\/td><td><strong>PIZZA RO\u017dKY<\/strong>&nbsp; 400g.<\/td><td><strong>&nbsp;<\/strong><\/td><\/tr><tr><td>&nbsp;<\/td><td>(4ks plnen\u00e9 syrom a \u0161unkou + om\u00e1\u010dka)<\/td><td><strong>7,20eur<\/strong><\/td><\/tr><\/tbody><\/table><\/figure>\n\n\n\n<p><strong>PIZZA \u0160PECI\u00c1L<\/strong><\/p>\n\n\n\n<p>20.<strong>CHICKEN VET BAR<\/strong>&nbsp; 750g<\/p>\n\n\n\n<p>(smotanov\u00e1 om\u00e1\u010dka, kuracie\u00a0m\u00e4so, niva, kukurica, syr) obilniny, mlieko\u00a0\u00a0<strong> <strong><strong>8,20eur\/<strong>12,50eur<\/strong><\/strong><\/strong> <\/strong><\/p>\n\n\n\n<p>21.<strong>PARMA<\/strong>&nbsp; 580g<\/p>\n\n\n\n<p>(pomodoro, prosciutto, syr, rucola) obilniny, mlieko\u00a0\u00a0<strong> <strong><strong>8,20eur\/<strong><strong><strong><strong>12,50eur<\/strong><\/strong><\/strong><\/strong><\/strong><\/strong> <\/strong><\/p>\n\n\n\n<p>22.<strong>VETBAR ALA FUNKY<\/strong>&nbsp; 720g<\/p>\n\n\n\n<p>(pomodoro, sal\u00e1ma, syr, \u0161ampi\u0148\u00f3ny, cibu\u013ea, fefer\u00f3ny\u00a0) obilniny, mlieko\u00a0\u00a0<strong> <strong><strong>8,20eur\/<strong>12,50eur<\/strong><\/strong> <\/strong> <\/strong><\/p>\n\n\n\n<p><strong>PR\u00cdLOHY<\/strong><\/p>\n\n\n\n<p>kuracie&nbsp;m\u00e4so, \u0161unka, sal\u00e1ma, klob\u00e1sa, syr, niva&nbsp; &nbsp; &nbsp; &nbsp; &nbsp; &nbsp; &nbsp; &nbsp; &nbsp;&nbsp;&nbsp;50g&nbsp;&nbsp;<strong>0,90eur<\/strong><\/p>\n\n\n\n<p>\u0161ampi\u0148\u00f3ny,&nbsp;&nbsp;kukurica, anan\u00e1s, brokolica, vajce, fefer\u00f3ny, baranie rohy, cesnak, cibu\u013ea, olivy, tuniak, paradajky&nbsp;&nbsp;50g&nbsp;<\/p>\n\n\n\n<p><strong>0,80eur&nbsp;V\u00e1ha&nbsp;m\u00e4sa a surov\u00edn je uveden\u00e1 v surovom stave.<\/strong><\/p>\n\n\n\n<p><strong>Novinka<\/strong><\/p>\n\n\n\n<p>Kebab <\/p>\n\n\n\n<p>tortila, mie\u0161an\u00fd \u0161al\u00e1t, paradajka, uhorka, kuracie m\u00e4so, dressing<\/p>\n\n\n\n<p>5,90 <strong>\u20ac<\/strong><\/p>\n\n\n\n<p> <strong>\u0160al\u00e1ty<\/strong> <\/p>\n\n\n\n<figure class=\"wp-block-table\"><table><tbody><tr><td><strong>GR\u00c9CKY \u0160AL\u00c1T<\/strong><\/td><td>400g.<\/td><td>&nbsp;<\/td><\/tr><tr><td>(\u013eadov\u00fd \u0161al\u00e1t, kukurica, paradajka, uhorka, olivy, feta syr)<\/td><td><strong>6,50eur<\/strong><\/td><\/tr><tr><td><strong>TUNIAKOV\u00dd \u015aAL\u00c1T<\/strong><\/td><td>400g.<\/td><td>&nbsp;<\/td><\/tr><tr><td>(\u013eadov\u00fd \u0161al\u00e1t, kukurica, paradajka, uhorka, tuniak)<\/td><td><strong>6,50eur<\/strong><\/td><\/tr><tr><td><strong>KURAC\u00cd \u0160AL\u00c1T<\/strong><\/td><td>400g.<\/td><td>&nbsp;<\/td><\/tr><tr><td>(\u013eadov\u00fd \u0161al\u00e1t, kukurica, paradajka, uhorka, paprika, kuracie m\u00e4so, sladkokysl\u00e1 om\u00e1\u010dka)<\/td><td><strong>6,50eur<\/strong><\/td><\/tr><\/tbody><\/table><\/figure>\n","protected":false},"excerpt":{"rendered":"<p>Pizza &nbsp; &nbsp; &nbsp; &nbsp; &nbsp; &nbsp; &nbsp; &nbsp; &nbsp; &nbsp; &nbsp; Druh \u00d832 \/ \u00d840 1. MARGHERITA&nbsp; 450g.\/890g. &nbsp; &nbsp; (pomodoro, syr) 6,90eur\/12,50eur 2. \u0160AMPI\u0147\u00d3NOV\u00c1&nbsp;&nbsp;550g.\/890g. &nbsp; &nbsp; (pomodoro, syr, \u0161ampi\u0148\u00f3ny) 7,20eur\/12,50eur 3. \u0160UNKOV\u00c1&nbsp;500g.\/890g. &nbsp; &nbsp; (pomodoro, syr, \u0161unka) 7,20eur\/12,50eur 4. CAPRI&nbsp;600g.\/1160g. &nbsp; (pomodoro, syr, \u0161unka, \u0161ampi\u0148\u00f3ny, kukurica) 7,50eur\/12,50eur 5. SAL\u00c1MOV\u00c1&nbsp;&nbsp;500g.\/890g. &nbsp; &nbsp; (pomodoro, syr, &hellip; <\/p>\n<p class=\"link-more\"><a href=\"https:\/\/www.vetbar.sk\/admin2021\/?page_id=381\" class=\"more-link\">Pokra\u010dova\u0165 v \u010d\u00edtan\u00ed<span class=\"screen-reader-text\"> &#8222;Pizza \/ \u0160al\u00e1ty&#8220;<\/span><\/a><\/p>\n","protected":false},"author":1,"featured_media":0,"parent":0,"menu_order":0,"comment_status":"closed","ping_status":"closed","template":"","meta":{"footnotes":""},"class_list":["post-381","page","type-page","status-publish","hentry","entry"],"_links":{"self":[{"href":"https:\/\/www.vetbar.sk\/admin2021\/index.php?rest_route=\/wp\/v2\/pages\/381","targetHints":{"allow":["GET"]}}],"collection":[{"href":"https:\/\/www.vetbar.sk\/admin2021\/index.php?rest_route=\/wp\/v2\/pages"}],"about":[{"href":"https:\/\/www.vetbar.sk\/admin2021\/index.php?rest_route=\/wp\/v2\/types\/page"}],"author":[{"embeddable":true,"href":"https:\/\/www.vetbar.sk\/admin2021\/index.php?rest_route=\/wp\/v2\/users\/1"}],"replies":[{"embeddable":true,"href":"https:\/\/www.vetbar.sk\/admin2021\/index.php?rest_route=%2Fwp%2Fv2%2Fcomments&post=381"}],"version-history":[{"count":24,"href":"https:\/\/www.vetbar.sk\/admin2021\/index.php?rest_route=\/wp\/v2\/pages\/381\/revisions"}],"predecessor-version":[{"id":455,"href":"https:\/\/www.vetbar.sk\/admin2021\/index.php?rest_route=\/wp\/v2\/pages\/381\/revisions\/455"}],"wp:attachment":[{"href":"https:\/\/www.vetbar.sk\/admin2021\/index.php?rest_route=%2Fwp%2Fv2%2Fmedia&parent=381"}],"curies":[{"name":"wp","href":"https:\/\/api.w.org\/{rel}","templated":true}]}}